{"id":115,"date":"2014-11-24T18:23:36","date_gmt":"2014-11-24T18:23:36","guid":{"rendered":"http:\/\/www.grandinorodas.adv.br\/adv\/?page_id=115"},"modified":"2020-09-19T15:51:14","modified_gmt":"2020-09-19T15:51:14","slug":"inicial","status":"publish","type":"page","link":"http:\/\/www.grandinorodas.adv.br\/adv\/","title":{"rendered":"Home"},"content":{"rendered":"<div tabindex=\"0\" class=\"cycloneslider cycloneslider-template-standard cycloneslider-width-responsive\" id=\"cycloneslider-home-page-1\" style=\"max-width:960px\" > <div class=\"cycloneslider-slides cycle-slideshow\" data-cycle-allow-wrap=\"true\" data-cycle-dynamic-height=\"off\" data-cycle-auto-height=\"960:600\" data-cycle-auto-height-easing=\"null\" data-cycle-auto-height-speed=\"250\" data-cycle-delay=\"0\" data-cycle-easing=\"\" data-cycle-fx=\"fade\" data-cycle-hide-non-active=\"true\" data-cycle-log=\"false\" data-cycle-next=\"#cycloneslider-home-page-1 .cycloneslider-next\" data-cycle-pager=\"#cycloneslider-home-page-1 .cycloneslider-pager\" data-cycle-pause-on-hover=\"true\" data-cycle-prev=\"#cycloneslider-home-page-1 .cycloneslider-prev\" data-cycle-slides=\"&gt; div\" data-cycle-speed=\"1000\" data-cycle-swipe=\"false\" data-cycle-tile-count=\"7\" data-cycle-tile-delay=\"100\" data-cycle-tile-vertical=\"true\" data-cycle-timeout=\"8000\" > <div class=\"cycloneslider-slide cycloneslider-slide-image\" data-cycle-fx=\"tileBlind\" data-cycle-tile-delay=\"100\" data-cycle-tile-vertical=\"true\" > <img src=\"http:\/\/www.grandinorodas.adv.br\/adv\/wp-content\/uploads\/2020\/09\/foto2-960x600.jpg\" alt=\"\" title=\"\" \/> <div class=\"cycloneslider-caption\"> <div class=\"cycloneslider-caption-title\">Brasil e exterior.<\/div> <div class=\"cycloneslider-caption-description\">O Escrit\u00f3rio Grandino Rodas Advogados \u00e9 reconhecido pelo atendimento din\u00e2mico e personalizado em todo o Brasil e no exterior, com a colabora\u00e7\u00e3o de parceiros<\/div> <\/div> <\/div> <div class=\"cycloneslider-slide cycloneslider-slide-image\" > <img src=\"http:\/\/www.grandinorodas.adv.br\/adv\/wp-content\/uploads\/2020\/09\/IMG_9514-960x600.jpg\" alt=\"\" title=\"\" \/> <div class=\"cycloneslider-caption\"> <div class=\"cycloneslider-caption-title\">Bras\u00edlia<\/div> <div class=\"cycloneslider-caption-description\">Com ampla atua\u00e7\u00e3o em Bras\u00edlia, destacam-se os trabalhos ora desenvolvidos junto aos Tribunais Superiores, ao CADE, \u00e0s ag\u00eancias reguladoras e demais \u00f3rg\u00e3os da administra\u00e7\u00e3o p\u00fablica.<\/div> <\/div> <\/div> <\/div> <div class=\"cycloneslider-pager\"><\/div> <a href=\"#\" class=\"cycloneslider-prev\"> <span class=\"arrow\"><\/span> <\/a> <a href=\"#\" class=\"cycloneslider-next\"> <span class=\"arrow\"><\/span> <\/a> <\/div>\n<p style=\"text-align: center;\">SEDE:\u00a0S\u00e3o Paulo \u2013 Avenida Nove de Julho, n.\u00ba 4.241, Jardim Paulistano \u2013 CEP 01407-100\u00a0\u2013 Telefone (55 11) 3559-8880<\/p>\n<p style=\"text-align: center;\">Brasilia &#8211; SQNW 110, Bloco B, 302, Setor Noroeste, CEP 70686-510, Telefone (55 61) 9 9229-1742<\/p>\n","protected":false},"excerpt":{"rendered":"<p>SEDE:\u00a0S\u00e3o Paulo \u2013 Avenida Nove de Julho, n.\u00ba 4.241, Jardim Paulistano \u2013 CEP 01407-100\u00a0\u2013 Telefone (55 11) 3559-8880 Brasilia &#8211; SQNW 110, Bloco B, 302, Setor Noroeste, CEP 70686-510, Telefone (55 61) 9 9229-1742<\/p>\n","protected":false},"author":1,"featured_media":0,"parent":0,"menu_order":0,"comment_status":"closed","ping_status":"closed","template":"full-width-page.php","meta":[],"_links":{"self":[{"href":"http:\/\/www.grandinorodas.adv.br\/adv\/index.php?rest_route=\/wp\/v2\/pages\/115"}],"collection":[{"href":"http:\/\/www.grandinorodas.adv.br\/adv\/index.php?rest_route=\/wp\/v2\/pages"}],"about":[{"href":"http:\/\/www.grandinorodas.adv.br\/adv\/index.php?rest_route=\/wp\/v2\/types\/page"}],"author":[{"embeddable":true,"href":"http:\/\/www.grandinorodas.adv.br\/adv\/index.php?rest_route=\/wp\/v2\/users\/1"}],"replies":[{"embeddable":true,"href":"http:\/\/www.grandinorodas.adv.br\/adv\/index.php?rest_route=%2Fwp%2Fv2%2Fcomments&post=115"}],"version-history":[{"count":18,"href":"http:\/\/www.grandinorodas.adv.br\/adv\/index.php?rest_route=\/wp\/v2\/pages\/115\/revisions"}],"predecessor-version":[{"id":232,"href":"http:\/\/www.grandinorodas.adv.br\/adv\/index.php?rest_route=\/wp\/v2\/pages\/115\/revisions\/232"}],"wp:attachment":[{"href":"http:\/\/www.grandinorodas.adv.br\/adv\/index.php?rest_route=%2Fwp%2Fv2%2Fmedia&parent=115"}],"curies":[{"name":"wp","href":"https:\/\/api.w.org\/{rel}","templated":true}]}}